{"id":32,"date":"2025-04-23T14:46:07","date_gmt":"2025-04-23T12:46:07","guid":{"rendered":"https:\/\/blog.blocktravelagency.com\/?page_id=32"},"modified":"2025-04-23T14:46:07","modified_gmt":"2025-04-23T12:46:07","slug":"contacto","status":"publish","type":"page","link":"https:\/\/blog.blocktravelagency.com\/?page_id=32","title":{"rendered":"Contacto"},"content":{"rendered":"\n<p>Esta es una p\u00e1gina con informaci\u00f3n de contacto b\u00e1sica, como la direcci\u00f3n y el n\u00famero de tel\u00e9fono. Incluso puedes probar un plugin para a\u00f1adir un formulario de contacto.<\/p>\n","protected":false},"excerpt":{"rendered":"<p>Esta es una p\u00e1gina con informaci\u00f3n de contacto b\u00e1sica, como la direcci\u00f3n y el n\u00famero de tel\u00e9fono. Incluso puedes probar un plugin para a\u00f1adir un formulario de contacto.<\/p>\n","protected":false},"author":1,"featured_media":0,"parent":0,"menu_order":0,"comment_status":"closed","ping_status":"closed","template":"","meta":{"_kad_post_transparent":"","_kad_post_title":"","_kad_post_layout":"","_kad_post_sidebar_id":"","_kad_post_content_style":"","_kad_post_vertical_padding":"","_kad_post_feature":"","_kad_post_feature_position":"","_kad_post_header":false,"_kad_post_footer":false,"footnotes":""},"class_list":["post-32","page","type-page","status-publish","hentry"],"_links":{"self":[{"href":"https:\/\/blog.blocktravelagency.com\/index.php?rest_route=\/wp\/v2\/pages\/32","targetHints":{"allow":["GET"]}}],"collection":[{"href":"https:\/\/blog.blocktravelagency.com\/index.php?rest_route=\/wp\/v2\/pages"}],"about":[{"href":"https:\/\/blog.blocktravelagency.com\/index.php?rest_route=\/wp\/v2\/types\/page"}],"author":[{"embeddable":true,"href":"https:\/\/blog.blocktravelagency.com\/index.php?rest_route=\/wp\/v2\/users\/1"}],"replies":[{"embeddable":true,"href":"https:\/\/blog.blocktravelagency.com\/index.php?rest_route=%2Fwp%2Fv2%2Fcomments&post=32"}],"version-history":[{"count":1,"href":"https:\/\/blog.blocktravelagency.com\/index.php?rest_route=\/wp\/v2\/pages\/32\/revisions"}],"predecessor-version":[{"id":50,"href":"https:\/\/blog.blocktravelagency.com\/index.php?rest_route=\/wp\/v2\/pages\/32\/revisions\/50"}],"wp:attachment":[{"href":"https:\/\/blog.blocktravelagency.com\/index.php?rest_route=%2Fwp%2Fv2%2Fmedia&parent=32"}],"curies":[{"name":"wp","href":"https:\/\/api.w.org\/{rel}","templated":true}]}}